{"id":11917,"date":"2023-06-01T22:36:13","date_gmt":"2023-06-01T22:36:13","guid":{"rendered":"https:\/\/salomoncohen.com\/arte-contemporaneo\/inversiones-en-arte-en-panama-para-recepciones\/"},"modified":"2023-06-01T22:36:13","modified_gmt":"2023-06-01T22:36:13","slug":"inversiones-en-arte-en-panama-para-recepciones","status":"publish","type":"page","link":"https:\/\/salomoncohen.com\/arte-contemporaneo\/inversiones-en-arte-en-panama-para-recepciones\/","title":{"rendered":"Inversiones en arte en Panam\u00e1 para recepciones"},"content":{"rendered":"\n<p><\/p>\n\n\n\n<p><\/p>\n\n\n\n<h1 class=\"wp-block-heading has-text-align-center has-medium-font-size\">Si deseas hacer inversiones en arte en Panam\u00e1, las creaciones del maestro <a href=\"https:\/\/salomoncohen.com\/\">Salom\u00f3n Cohen<\/a>,  son excelentes alternativas. <\/h1>\n\n\n\n<div class=\"wp-block-columns is-layout-flex wp-container-core-columns-is-layout-9d6595d7 wp-block-columns-is-layout-flex\">\n<div class=\"wp-block-column is-vertically-aligned-center is-layout-flow wp-block-column-is-layout-flow\">\n<p class=\"has-text-color\" style=\"color:#4a4a4a\">Nacido en la Ciudad de M\u00e9xico, el Mtro. Salom\u00f3n Cohen se constituy\u00f3 como artista pl\u00e1stico desde 1990. Hace m\u00e1s de 30 a\u00f1os se dedica de lleno a esta profesi\u00f3n.<\/p>\n\n\n\n<p class=\"has-text-color\" style=\"color:#4a4a4a\">El maestro cuenta con m\u00e1s de 150 exposiciones tanto colectivas como individuales, su talento ha sido expuesto en ciudades de los Estados Unidos como lo son: Miami, Los \u00c1ngeles, New York, Chicago, y en pa\u00edses como M\u00e9xico, Panam\u00e1, Polonia, Espa\u00f1a, Puerto Rico, Rusia, Bosnia, Serbia, India, Centro y Sudam\u00e9rica. Tu puedes comprar una obra de arte del artista.<\/p>\n<\/div>\n\n\n\n<div class=\"wp-block-column is-layout-flow wp-block-column-is-layout-flow\"><div class=\"wp-block-image\">\n<figure class=\"aligncenter size-large\"><img loading=\"lazy\" decoding=\"async\" width=\"1024\" height=\"1024\" src=\"https:\/\/salomoncohen.com\/arte-contemporaneo\/wp-content\/uploads\/2023\/06\/comprar-obra-de-arte-salomon-cohen-panama-mexico-1024x1024.jpg\" alt=\"comprar-obra-de-arte-salomon-cohen-panama-me\u0301xico\" class=\"wp-image-3265\" srcset=\"https:\/\/salomoncohen.com\/arte-contemporaneo\/wp-content\/uploads\/2023\/06\/comprar-obra-de-arte-salomon-cohen-panama-mexico-1024x1024.jpg 1024w, https:\/\/salomoncohen.com\/arte-contemporaneo\/wp-content\/uploads\/2023\/06\/comprar-obra-de-arte-salomon-cohen-panama-mexico-300x300.jpg 300w, https:\/\/salomoncohen.com\/arte-contemporaneo\/wp-content\/uploads\/2023\/06\/comprar-obra-de-arte-salomon-cohen-panama-mexico-150x150.jpg 150w, https:\/\/salomoncohen.com\/arte-contemporaneo\/wp-content\/uploads\/2023\/06\/comprar-obra-de-arte-salomon-cohen-panama-mexico-768x768.jpg 768w, https:\/\/salomoncohen.com\/arte-contemporaneo\/wp-content\/uploads\/2023\/06\/comprar-obra-de-arte-salomon-cohen-panama-mexico.jpg 1240w\" sizes=\"auto, (max-width: 1024px) 100vw, 1024px\" \/><\/figure>\n<\/div><\/div>\n<\/div>\n\n\n\n<h2 class=\"wp-block-heading has-text-align-center has-medium-font-size\">Artista premiado internacionalmente, conoce como puedes realizar inversiones en arte en Panam\u00e1<\/h2>\n\n\n\n<div class=\"wp-block-columns is-layout-flex wp-container-core-columns-is-layout-9d6595d7 wp-block-columns-is-layout-flex\">\n<div class=\"wp-block-column is-vertically-aligned-center is-layout-flow wp-block-column-is-layout-flow\">\n<p class=\"has-text-color\" style=\"color:#4a4a4a\">Reconocimientos Internacionales recibidos: <\/p>\n\n\n\n<p class=\"has-text-color\" style=\"color:#4a4a4a\">2014 \u00abGaviota\u00bb presea del <strong>Mtro. Jos\u00e9 Luis Cuevas<\/strong> a la \u201cExcelencia y Trayectoria Art\u00edstica\u201d. <\/p>\n\n\n\n<p class=\"has-text-color\" style=\"color:#4a4a4a\">2015 \u201cInvestidura y medalla a la Orden de Caballero \u00c1guila\u201d que otorga la<strong> Fundaci\u00f3n Caballero \u00c1guila, A.C.<\/strong> a ciudadanos mexicanos y extranjeros. <\/p>\n\n\n\n<p class=\"has-text-color\" style=\"color:#4a4a4a\">2016 el Galard\u00f3n \u00ab<strong>Palmas de Oro<\/strong>\u00bb por su trayectoria profesional como Artista Pl\u00e1stico y Excelencia en apoyo al Arte y la Cultura.<\/p>\n\n\n\n<p class=\"has-text-color\" style=\"color:#4a4a4a\">2017 artista seleccionado para realizar residencia para el primer <strong>Festival de las Artes Jaipur Kala Chaupal; India<\/strong><\/p>\n<\/div>\n\n\n\n<div class=\"wp-block-column is-layout-flow wp-block-column-is-layout-flow\"><div class=\"wp-block-image\">\n<figure class=\"aligncenter size-large is-resized\"><img loading=\"lazy\" decoding=\"async\" src=\"https:\/\/salomoncohen.com\/arte-contemporaneo\/wp-content\/uploads\/2023\/06\/salomon-cohen-pintor-contemporaneo-panama-mexico-1024x1024.jpg\" alt=\"\" class=\"wp-image-160\" width=\"314\" height=\"314\" srcset=\"https:\/\/salomoncohen.com\/arte-contemporaneo\/wp-content\/uploads\/2023\/06\/salomon-cohen-pintor-contemporaneo-panama-mexico-1024x1024.jpg 1024w, https:\/\/salomoncohen.com\/arte-contemporaneo\/wp-content\/uploads\/2023\/06\/salomon-cohen-pintor-contemporaneo-panama-mexico-300x300.jpg 300w, https:\/\/salomoncohen.com\/arte-contemporaneo\/wp-content\/uploads\/2023\/06\/salomon-cohen-pintor-contemporaneo-panama-mexico-150x150.jpg 150w, https:\/\/salomoncohen.com\/arte-contemporaneo\/wp-content\/uploads\/2023\/06\/salomon-cohen-pintor-contemporaneo-panama-mexico-768x768.jpg 768w, https:\/\/salomoncohen.com\/arte-contemporaneo\/wp-content\/uploads\/2023\/06\/salomon-cohen-pintor-contemporaneo-panama-mexico.jpg 1240w\" sizes=\"auto, (max-width: 314px) 100vw, 314px\" \/><\/figure>\n<\/div><\/div>\n<\/div>\n\n\n\n<h3 class=\"wp-block-heading has-text-align-center has-medium-font-size\">Conoce mas acerca del maestro y ent\u00e9rate del precio para tus inversiones en arte en Panam\u00e1<\/h3>\n\n\n\n<p>En 2020 fue artista invitado para presentar exposici\u00f3n individual, en el programa Cultural 2020 en el marco conmemorativo del <strong>Aniversario del Palacio Postal<\/strong>, Quinta Casa de Correos; CDMX. <\/p>\n\n\n\n<p>En el 2021 se incorpora al nuevo mercado del <strong>Criptoarte y Blockchain <\/strong>como visionario del <strong>NFT<\/strong> en M\u00e9xico teniendo una gran aceptaci\u00f3n a nivel global en esta nueva tendencia de Arte Digital. <\/p>\n\n\n\n<div class=\"wp-block-columns is-layout-flex wp-container-core-columns-is-layout-9d6595d7 wp-block-columns-is-layout-flex\">\n<div class=\"wp-block-column is-layout-flow wp-block-column-is-layout-flow\"><\/div>\n\n\n\n<div class=\"wp-block-column is-layout-flow wp-block-column-is-layout-flow\">\n<figure class=\"wp-block-image size-large\"><img loading=\"lazy\" decoding=\"async\" width=\"1024\" height=\"1024\" src=\"https:\/\/salomoncohen.com\/arte-contemporaneo\/wp-content\/uploads\/2023\/06\/salomon-cohen-arte-contemporaneo-panama-mexico-3-1024x1024.jpg\" alt=\"salomon-cohen-arte-contemporaneo-panama-mexico-3\" class=\"wp-image-154\" srcset=\"https:\/\/salomoncohen.com\/arte-contemporaneo\/wp-content\/uploads\/2023\/06\/salomon-cohen-arte-contemporaneo-panama-mexico-3-1024x1024.jpg 1024w, https:\/\/salomoncohen.com\/arte-contemporaneo\/wp-content\/uploads\/2023\/06\/salomon-cohen-arte-contemporaneo-panama-mexico-3-300x300.jpg 300w, https:\/\/salomoncohen.com\/arte-contemporaneo\/wp-content\/uploads\/2023\/06\/salomon-cohen-arte-contemporaneo-panama-mexico-3-150x150.jpg 150w, https:\/\/salomoncohen.com\/arte-contemporaneo\/wp-content\/uploads\/2023\/06\/salomon-cohen-arte-contemporaneo-panama-mexico-3-768x768.jpg 768w, https:\/\/salomoncohen.com\/arte-contemporaneo\/wp-content\/uploads\/2023\/06\/salomon-cohen-arte-contemporaneo-panama-mexico-3.jpg 1240w\" sizes=\"auto, (max-width: 1024px) 100vw, 1024px\" \/><\/figure>\n<\/div>\n\n\n\n<div class=\"wp-block-column is-layout-flow wp-block-column-is-layout-flow\"><\/div>\n<\/div>\n\n\n\n<h5 class=\"wp-block-heading has-text-align-center has-white-background-color has-text-color has-background has-medium-font-size\" style=\"color:#fec814\"><a href=\"https:\/\/salomoncohen.com\/\">SALOMONCOHEN.COM<\/a><\/h5>\n\n\n\n<div class=\"wp-block-columns is-layout-flex wp-container-core-columns-is-layout-9d6595d7 wp-block-columns-is-layout-flex\">\n<div class=\"wp-block-column is-layout-flow wp-block-column-is-layout-flow\"><\/div>\n\n\n\n<div class=\"wp-block-column is-layout-flow wp-block-column-is-layout-flow\">\n<figure class=\"wp-block-image size-large\"><img loading=\"lazy\" decoding=\"async\" width=\"1024\" height=\"1024\" src=\"https:\/\/salomoncohen.com\/arte-contemporaneo\/wp-content\/uploads\/2023\/06\/salomon-cohen-arte-contemporaneo-panama-mexico-2-1024x1024.jpg\" alt=\"salomon-cohen-arte-contemporaneo-panama-mexico\" class=\"wp-image-153\" srcset=\"https:\/\/salomoncohen.com\/arte-contemporaneo\/wp-content\/uploads\/2023\/06\/salomon-cohen-arte-contemporaneo-panama-mexico-2-1024x1024.jpg 1024w, https:\/\/salomoncohen.com\/arte-contemporaneo\/wp-content\/uploads\/2023\/06\/salomon-cohen-arte-contemporaneo-panama-mexico-2-300x300.jpg 300w, https:\/\/salomoncohen.com\/arte-contemporaneo\/wp-content\/uploads\/2023\/06\/salomon-cohen-arte-contemporaneo-panama-mexico-2-150x150.jpg 150w, https:\/\/salomoncohen.com\/arte-contemporaneo\/wp-content\/uploads\/2023\/06\/salomon-cohen-arte-contemporaneo-panama-mexico-2-768x768.jpg 768w, https:\/\/salomoncohen.com\/arte-contemporaneo\/wp-content\/uploads\/2023\/06\/salomon-cohen-arte-contemporaneo-panama-mexico-2.jpg 1240w\" sizes=\"auto, (max-width: 1024px) 100vw, 1024px\" \/><\/figure>\n<\/div>\n\n\n\n<div class=\"wp-block-column is-layout-flow wp-block-column-is-layout-flow\"><\/div>\n<\/div>\n\n\n\n<p>En 2022 decide radicar en la Ciudad de Panam\u00e1, teniendo su primera exposici\u00f3n individual <strong>\u201cTraspasando Fronteras\u201d<\/strong> en el JWMarriott en alianza con la Revista Auno, como su extraordinaria participaci\u00f3n en la semana del Arte en <strong>Sate of Art 2023<\/strong>.<\/p>\n\n\n\n<div class=\"wp-block-columns is-layout-flex wp-container-core-columns-is-layout-9d6595d7 wp-block-columns-is-layout-flex\">\n<div class=\"wp-block-column is-layout-flow wp-block-column-is-layout-flow\"><\/div>\n\n\n\n<div class=\"wp-block-column is-layout-flow wp-block-column-is-layout-flow\">\n<figure class=\"wp-block-image size-large\"><img loading=\"lazy\" decoding=\"async\" width=\"1024\" height=\"1024\" src=\"https:\/\/salomoncohen.com\/arte-contemporaneo\/wp-content\/uploads\/2023\/06\/salomon-cohen-arte-contemporaneo-panama-mexico-4-1024x1024.jpg\" alt=\"salomon-cohen-arte-contemporaneo-panama-me\u0301xico\" class=\"wp-image-166\" srcset=\"https:\/\/salomoncohen.com\/arte-contemporaneo\/wp-content\/uploads\/2023\/06\/salomon-cohen-arte-contemporaneo-panama-mexico-4-1024x1024.jpg 1024w, https:\/\/salomoncohen.com\/arte-contemporaneo\/wp-content\/uploads\/2023\/06\/salomon-cohen-arte-contemporaneo-panama-mexico-4-300x300.jpg 300w, https:\/\/salomoncohen.com\/arte-contemporaneo\/wp-content\/uploads\/2023\/06\/salomon-cohen-arte-contemporaneo-panama-mexico-4-150x150.jpg 150w, https:\/\/salomoncohen.com\/arte-contemporaneo\/wp-content\/uploads\/2023\/06\/salomon-cohen-arte-contemporaneo-panama-mexico-4-768x768.jpg 768w, https:\/\/salomoncohen.com\/arte-contemporaneo\/wp-content\/uploads\/2023\/06\/salomon-cohen-arte-contemporaneo-panama-mexico-4.jpg 1240w\" sizes=\"auto, (max-width: 1024px) 100vw, 1024px\" \/><\/figure>\n<\/div>\n\n\n\n<div class=\"wp-block-column is-layout-flow wp-block-column-is-layout-flow\"><\/div>\n<\/div>\n\n\n\n<p>El arte del maestro se identifica plenamente con el resurgimiento de la Abstracci\u00f3n Moderna en el periodo Contempor\u00e1neo. <\/p>\n\n\n\n<h4 class=\"wp-block-heading has-text-align-center has-medium-font-size\">Visita nuestras redes sociales donde encontrar\u00e1s mas informaci\u00f3n acerca de tus futuras inversiones en arte en Panam\u00e1<\/h4>\n\n\n\n<div class=\"wp-block-columns is-layout-flex wp-container-core-columns-is-layout-9d6595d7 wp-block-columns-is-layout-flex\">\n<div class=\"wp-block-column is-layout-flow wp-block-column-is-layout-flow\">\n<div class=\"wp-block-columns is-layout-flex wp-container-core-columns-is-layout-9d6595d7 wp-block-columns-is-layout-flex\">\n<div class=\"wp-block-column is-layout-flow wp-block-column-is-layout-flow\">\n<div class=\"wp-block-columns is-layout-flex wp-container-core-columns-is-layout-9d6595d7 wp-block-columns-is-layout-flex\">\n<div class=\"wp-block-column is-layout-flow wp-block-column-is-layout-flow\">\n<div class=\"wp-block-columns has-black-background-color has-background is-layout-flex wp-container-core-columns-is-layout-9d6595d7 wp-block-columns-is-layout-flex\">\n<div class=\"wp-block-column has-black-background-color has-background is-layout-flow wp-block-column-is-layout-flow\">\n<div class=\"wp-block-columns is-layout-flex wp-container-core-columns-is-layout-9d6595d7 wp-block-columns-is-layout-flex\">\n<div class=\"wp-block-column is-layout-flow wp-block-column-is-layout-flow\" style=\"flex-basis:25px\"><\/div>\n\n\n\n<div class=\"wp-block-column is-layout-flow wp-block-column-is-layout-flow\">\n<figure class=\"wp-block-gallery aligncenter has-nested-images columns-default is-cropped wp-block-gallery-1 is-layout-flex wp-block-gallery-is-layout-flex\"><div class=\"wp-block-image\">\n<figure class=\"aligncenter size-large\"><a href=\"https:\/\/www.facebook.com\/salomoncohenart\" target=\"_blank\" rel=\"noreferrer noopener\"><img loading=\"lazy\" decoding=\"async\" width=\"45\" height=\"45\" data-id=\"177\" src=\"https:\/\/salomoncohen.com\/arte-contemporaneo\/wp-content\/uploads\/2023\/06\/salomon-cohen-arte-contemporaneo-panama-mexico-facebook.jpg\" alt=\"salomon-cohen-arte-contemporaneo-panama-mexico-facebook\" class=\"wp-image-177\"\/><\/a><\/figure>\n<\/div>\n\n<div class=\"wp-block-image\">\n<figure class=\"aligncenter size-large\"><a href=\"https:\/\/www.youtube.com\/channel\/UCVg4rdYLps5YvalUx-qWdOA\" target=\"_blank\" rel=\"noreferrer noopener\"><img loading=\"lazy\" decoding=\"async\" width=\"45\" height=\"45\" data-id=\"178\" src=\"https:\/\/salomoncohen.com\/arte-contemporaneo\/wp-content\/uploads\/2023\/06\/salomon-cohen-arte-contemporaneo-panama-mexico-youtube.jpg\" alt=\"salomon-cohen-arte-contemporaneo-panama-mexico-youtube\" class=\"wp-image-178\"\/><\/a><\/figure>\n<\/div>\n\n<div class=\"wp-block-image\">\n<figure class=\"aligncenter size-large\"><a href=\"https:\/\/www.instagram.com\/salomoncohenart\/\" target=\"_blank\" rel=\"noreferrer noopener\"><img loading=\"lazy\" decoding=\"async\" width=\"45\" height=\"45\" data-id=\"186\" src=\"https:\/\/salomoncohen.com\/arte-contemporaneo\/wp-content\/uploads\/2023\/06\/salomon-cohen-arte-contemporaneo-panama-mexico-instagram.jpg\" alt=\"salomon-cohen-arte-contemporaneo-panama-me\u0301xico-instagram\" class=\"wp-image-186\"\/><\/a><\/figure>\n<\/div>\n\n<div class=\"wp-block-image\">\n<figure class=\"aligncenter size-large\"><a href=\"https:\/\/mx.linkedin.com\/in\/salomoncohenarte\" target=\"_blank\" rel=\"noreferrer noopener\"><img loading=\"lazy\" decoding=\"async\" width=\"45\" height=\"45\" data-id=\"187\" src=\"https:\/\/salomoncohen.com\/arte-contemporaneo\/wp-content\/uploads\/2023\/06\/salomon-cohen-arte-contemporaneo-panama-mexico-linkedin.jpg\" alt=\"salomon-cohen-arte-contemporaneo-panama-me\u0301xico-linkedin\" class=\"wp-image-187\"\/><\/a><\/figure>\n<\/div>\n\n<div class=\"wp-block-image\">\n<figure class=\"aligncenter size-large\"><a href=\"https:\/\/www.tiktok.com\/@salomoncohenart\" target=\"_blank\" rel=\"noreferrer noopener\"><img loading=\"lazy\" decoding=\"async\" width=\"45\" height=\"45\" data-id=\"188\" src=\"https:\/\/salomoncohen.com\/arte-contemporaneo\/wp-content\/uploads\/2023\/06\/salomon-cohen-arte-contemporaneo-panama-mexico-tiktok.jpg\" alt=\"salomon-cohen-arte-contemporaneo-panama-me\u0301xico-tiktok\" class=\"wp-image-188\"\/><\/a><\/figure>\n<\/div>\n\n<div class=\"wp-block-image\">\n<figure class=\"aligncenter size-large\"><a href=\"https:\/\/twitter.com\/salomoncohenart\" target=\"_blank\" rel=\"noreferrer noopener\"><img loading=\"lazy\" decoding=\"async\" width=\"45\" height=\"45\" data-id=\"189\" src=\"https:\/\/salomoncohen.com\/arte-contemporaneo\/wp-content\/uploads\/2023\/06\/salomon-cohen-arte-contemporaneo-panama-mexico-twitter.jpg\" alt=\"salomon-cohen-arte-contemporaneo-panama-me\u0301xico-twitter\" class=\"wp-image-189\"\/><\/a><\/figure>\n<\/div><\/figure>\n<\/div>\n\n\n\n<div class=\"wp-block-column is-layout-flow wp-block-column-is-layout-flow\" style=\"flex-basis:25px\"><\/div>\n<\/div>\n<\/div>\n<\/div>\n<\/div>\n<\/div>\n<\/div>\n<\/div>\n<\/div>\n<\/div>\n\n\n\n<p><\/p>\n\n\n\n<p><\/p>\n","protected":false},"excerpt":{"rendered":"<p>Si deseas hacer inversiones en arte en Panam\u00e1, las creaciones del maestro Salom\u00f3n Cohen, son excelentes alternativas. Nacido en la Ciudad de M\u00e9xico, el Mtro. Salom\u00f3n Cohen se constituy\u00f3 como artista pl\u00e1stico desde 1990. Hace m\u00e1s de 30 a\u00f1os se dedica de lleno a esta profesi\u00f3n. El maestro cuenta con m\u00e1s de 150 exposiciones tanto [&hellip;]<\/p>\n","protected":false},"author":1,"featured_media":0,"parent":0,"menu_order":0,"comment_status":"closed","ping_status":"closed","template":"page_landing.php","meta":{"_genesis_hide_title":false,"_genesis_hide_breadcrumbs":false,"_genesis_hide_singular_image":false,"_genesis_hide_footer_widgets":false,"_genesis_custom_body_class":"","_genesis_custom_post_class":"","_genesis_layout":"","footnotes":""},"class_list":{"0":"post-11917","1":"page","2":"type-page","3":"status-publish","5":"entry"},"yoast_head":"<!-- This site is optimized with the Yoast SEO plugin v27.3 - https:\/\/yoast.com\/product\/yoast-seo-wordpress\/ -->\n<title>Inversiones en arte en Panam\u00e1 para recepciones - Salom\u00f3n Cohen Art<\/title>\n<meta name=\"robots\" content=\"index, follow, max-snippet:-1, max-image-preview:large, max-video-preview:-1\" \/>\n<link rel=\"canonical\" href=\"https:\/\/salomoncohen.com\/arte-contemporaneo\/inversiones-en-arte-en-panama-para-recepciones\/\" \/>\n<meta property=\"og:locale\" content=\"es_ES\" \/>\n<meta property=\"og:type\" content=\"article\" \/>\n<meta property=\"og:title\" content=\"Inversiones en arte en Panam\u00e1 para recepciones - Salom\u00f3n Cohen Art\" \/>\n<meta property=\"og:description\" content=\"Si deseas hacer inversiones en arte en Panam\u00e1, las creaciones del maestro Salom\u00f3n Cohen, son excelentes alternativas. Nacido en la Ciudad de M\u00e9xico, el Mtro. Salom\u00f3n Cohen se constituy\u00f3 como artista pl\u00e1stico desde 1990. Hace m\u00e1s de 30 a\u00f1os se dedica de lleno a esta profesi\u00f3n. El maestro cuenta con m\u00e1s de 150 exposiciones tanto [&hellip;]\" \/>\n<meta property=\"og:url\" content=\"https:\/\/salomoncohen.com\/arte-contemporaneo\/inversiones-en-arte-en-panama-para-recepciones\/\" \/>\n<meta property=\"og:site_name\" content=\"Salom\u00f3n Cohen Art\" \/>\n<meta property=\"og:image\" content=\"https:\/\/salomoncohen.com\/arte-contemporaneo\/wp-content\/uploads\/2023\/06\/comprar-obra-de-arte-salomon-cohen-panama-mexico-1024x1024.jpg\" \/>\n<meta name=\"twitter:card\" content=\"summary_large_image\" \/>\n<meta name=\"twitter:label1\" content=\"Tiempo de lectura\" \/>\n\t<meta name=\"twitter:data1\" content=\"2 minutos\" \/>\n<script type=\"application\/ld+json\" class=\"yoast-schema-graph\">{\"@context\":\"https:\\\/\\\/schema.org\",\"@graph\":[{\"@type\":\"WebPage\",\"@id\":\"https:\\\/\\\/salomoncohen.com\\\/arte-contemporaneo\\\/inversiones-en-arte-en-panama-para-recepciones\\\/\",\"url\":\"https:\\\/\\\/salomoncohen.com\\\/arte-contemporaneo\\\/inversiones-en-arte-en-panama-para-recepciones\\\/\",\"name\":\"Inversiones en arte en Panam\u00e1 para recepciones - Salom\u00f3n Cohen Art\",\"isPartOf\":{\"@id\":\"https:\\\/\\\/salomoncohen.com\\\/arte-contemporaneo\\\/#website\"},\"primaryImageOfPage\":{\"@id\":\"https:\\\/\\\/salomoncohen.com\\\/arte-contemporaneo\\\/inversiones-en-arte-en-panama-para-recepciones\\\/#primaryimage\"},\"image\":{\"@id\":\"https:\\\/\\\/salomoncohen.com\\\/arte-contemporaneo\\\/inversiones-en-arte-en-panama-para-recepciones\\\/#primaryimage\"},\"thumbnailUrl\":\"https:\\\/\\\/salomoncohen.com\\\/arte-contemporaneo\\\/wp-content\\\/uploads\\\/2023\\\/06\\\/comprar-obra-de-arte-salomon-cohen-panama-mexico-1024x1024.jpg\",\"datePublished\":\"2023-06-01T22:36:13+00:00\",\"breadcrumb\":{\"@id\":\"https:\\\/\\\/salomoncohen.com\\\/arte-contemporaneo\\\/inversiones-en-arte-en-panama-para-recepciones\\\/#breadcrumb\"},\"inLanguage\":\"es\",\"potentialAction\":[{\"@type\":\"ReadAction\",\"target\":[\"https:\\\/\\\/salomoncohen.com\\\/arte-contemporaneo\\\/inversiones-en-arte-en-panama-para-recepciones\\\/\"]}]},{\"@type\":\"ImageObject\",\"inLanguage\":\"es\",\"@id\":\"https:\\\/\\\/salomoncohen.com\\\/arte-contemporaneo\\\/inversiones-en-arte-en-panama-para-recepciones\\\/#primaryimage\",\"url\":\"https:\\\/\\\/salomoncohen.com\\\/arte-contemporaneo\\\/wp-content\\\/uploads\\\/2023\\\/06\\\/comprar-obra-de-arte-salomon-cohen-panama-mexico.jpg\",\"contentUrl\":\"https:\\\/\\\/salomoncohen.com\\\/arte-contemporaneo\\\/wp-content\\\/uploads\\\/2023\\\/06\\\/comprar-obra-de-arte-salomon-cohen-panama-mexico.jpg\",\"width\":1240,\"height\":1240,\"caption\":\"comprar-obra-de-arte-salomon-cohen-panama-me\u0301xico\"},{\"@type\":\"BreadcrumbList\",\"@id\":\"https:\\\/\\\/salomoncohen.com\\\/arte-contemporaneo\\\/inversiones-en-arte-en-panama-para-recepciones\\\/#breadcrumb\",\"itemListElement\":[{\"@type\":\"ListItem\",\"position\":1,\"name\":\"Portada\",\"item\":\"https:\\\/\\\/salomoncohen.com\\\/arte-contemporaneo\\\/\"},{\"@type\":\"ListItem\",\"position\":2,\"name\":\"Inversiones en arte en Panam\u00e1 para recepciones\"}]},{\"@type\":\"WebSite\",\"@id\":\"https:\\\/\\\/salomoncohen.com\\\/arte-contemporaneo\\\/#website\",\"url\":\"https:\\\/\\\/salomoncohen.com\\\/arte-contemporaneo\\\/\",\"name\":\"Salom\u00f3n Cohen Art\",\"description\":\"Resurgimiento de la Abstracci\u00f3n Moderna \",\"potentialAction\":[{\"@type\":\"SearchAction\",\"target\":{\"@type\":\"EntryPoint\",\"urlTemplate\":\"https:\\\/\\\/salomoncohen.com\\\/arte-contemporaneo\\\/?s={search_term_string}\"},\"query-input\":{\"@type\":\"PropertyValueSpecification\",\"valueRequired\":true,\"valueName\":\"search_term_string\"}}],\"inLanguage\":\"es\"}]}<\/script>\n<!-- \/ Yoast SEO plugin. -->","yoast_head_json":{"title":"Inversiones en arte en Panam\u00e1 para recepciones - Salom\u00f3n Cohen Art","robots":{"index":"index","follow":"follow","max-snippet":"max-snippet:-1","max-image-preview":"max-image-preview:large","max-video-preview":"max-video-preview:-1"},"canonical":"https:\/\/salomoncohen.com\/arte-contemporaneo\/inversiones-en-arte-en-panama-para-recepciones\/","og_locale":"es_ES","og_type":"article","og_title":"Inversiones en arte en Panam\u00e1 para recepciones - Salom\u00f3n Cohen Art","og_description":"Si deseas hacer inversiones en arte en Panam\u00e1, las creaciones del maestro Salom\u00f3n Cohen, son excelentes alternativas. Nacido en la Ciudad de M\u00e9xico, el Mtro. Salom\u00f3n Cohen se constituy\u00f3 como artista pl\u00e1stico desde 1990. Hace m\u00e1s de 30 a\u00f1os se dedica de lleno a esta profesi\u00f3n. El maestro cuenta con m\u00e1s de 150 exposiciones tanto [&hellip;]","og_url":"https:\/\/salomoncohen.com\/arte-contemporaneo\/inversiones-en-arte-en-panama-para-recepciones\/","og_site_name":"Salom\u00f3n Cohen Art","og_image":[{"url":"https:\/\/salomoncohen.com\/arte-contemporaneo\/wp-content\/uploads\/2023\/06\/comprar-obra-de-arte-salomon-cohen-panama-mexico-1024x1024.jpg","type":"","width":"","height":""}],"twitter_card":"summary_large_image","twitter_misc":{"Tiempo de lectura":"2 minutos"},"schema":{"@context":"https:\/\/schema.org","@graph":[{"@type":"WebPage","@id":"https:\/\/salomoncohen.com\/arte-contemporaneo\/inversiones-en-arte-en-panama-para-recepciones\/","url":"https:\/\/salomoncohen.com\/arte-contemporaneo\/inversiones-en-arte-en-panama-para-recepciones\/","name":"Inversiones en arte en Panam\u00e1 para recepciones - Salom\u00f3n Cohen Art","isPartOf":{"@id":"https:\/\/salomoncohen.com\/arte-contemporaneo\/#website"},"primaryImageOfPage":{"@id":"https:\/\/salomoncohen.com\/arte-contemporaneo\/inversiones-en-arte-en-panama-para-recepciones\/#primaryimage"},"image":{"@id":"https:\/\/salomoncohen.com\/arte-contemporaneo\/inversiones-en-arte-en-panama-para-recepciones\/#primaryimage"},"thumbnailUrl":"https:\/\/salomoncohen.com\/arte-contemporaneo\/wp-content\/uploads\/2023\/06\/comprar-obra-de-arte-salomon-cohen-panama-mexico-1024x1024.jpg","datePublished":"2023-06-01T22:36:13+00:00","breadcrumb":{"@id":"https:\/\/salomoncohen.com\/arte-contemporaneo\/inversiones-en-arte-en-panama-para-recepciones\/#breadcrumb"},"inLanguage":"es","potentialAction":[{"@type":"ReadAction","target":["https:\/\/salomoncohen.com\/arte-contemporaneo\/inversiones-en-arte-en-panama-para-recepciones\/"]}]},{"@type":"ImageObject","inLanguage":"es","@id":"https:\/\/salomoncohen.com\/arte-contemporaneo\/inversiones-en-arte-en-panama-para-recepciones\/#primaryimage","url":"https:\/\/salomoncohen.com\/arte-contemporaneo\/wp-content\/uploads\/2023\/06\/comprar-obra-de-arte-salomon-cohen-panama-mexico.jpg","contentUrl":"https:\/\/salomoncohen.com\/arte-contemporaneo\/wp-content\/uploads\/2023\/06\/comprar-obra-de-arte-salomon-cohen-panama-mexico.jpg","width":1240,"height":1240,"caption":"comprar-obra-de-arte-salomon-cohen-panama-me\u0301xico"},{"@type":"BreadcrumbList","@id":"https:\/\/salomoncohen.com\/arte-contemporaneo\/inversiones-en-arte-en-panama-para-recepciones\/#breadcrumb","itemListElement":[{"@type":"ListItem","position":1,"name":"Portada","item":"https:\/\/salomoncohen.com\/arte-contemporaneo\/"},{"@type":"ListItem","position":2,"name":"Inversiones en arte en Panam\u00e1 para recepciones"}]},{"@type":"WebSite","@id":"https:\/\/salomoncohen.com\/arte-contemporaneo\/#website","url":"https:\/\/salomoncohen.com\/arte-contemporaneo\/","name":"Salom\u00f3n Cohen Art","description":"Resurgimiento de la Abstracci\u00f3n Moderna ","potentialAction":[{"@type":"SearchAction","target":{"@type":"EntryPoint","urlTemplate":"https:\/\/salomoncohen.com\/arte-contemporaneo\/?s={search_term_string}"},"query-input":{"@type":"PropertyValueSpecification","valueRequired":true,"valueName":"search_term_string"}}],"inLanguage":"es"}]}},"_links":{"self":[{"href":"https:\/\/salomoncohen.com\/arte-contemporaneo\/wp-json\/wp\/v2\/pages\/11917","targetHints":{"allow":["GET"]}}],"collection":[{"href":"https:\/\/salomoncohen.com\/arte-contemporaneo\/wp-json\/wp\/v2\/pages"}],"about":[{"href":"https:\/\/salomoncohen.com\/arte-contemporaneo\/wp-json\/wp\/v2\/types\/page"}],"author":[{"embeddable":true,"href":"https:\/\/salomoncohen.com\/arte-contemporaneo\/wp-json\/wp\/v2\/users\/1"}],"replies":[{"embeddable":true,"href":"https:\/\/salomoncohen.com\/arte-contemporaneo\/wp-json\/wp\/v2\/comments?post=11917"}],"version-history":[{"count":0,"href":"https:\/\/salomoncohen.com\/arte-contemporaneo\/wp-json\/wp\/v2\/pages\/11917\/revisions"}],"wp:attachment":[{"href":"https:\/\/salomoncohen.com\/arte-contemporaneo\/wp-json\/wp\/v2\/media?parent=11917"}],"curies":[{"name":"wp","href":"https:\/\/api.w.org\/{rel}","templated":true}]}}